{"id":14,"date":"2015-12-30T17:35:49","date_gmt":"2015-12-30T17:35:49","guid":{"rendered":"http:\/\/muroverdetimber.com\/?page_id=14"},"modified":"2021-11-04T17:22:56","modified_gmt":"2021-11-04T17:22:56","slug":"diferentes-tipos-de-muro-verde","status":"publish","type":"page","link":"https:\/\/muroverdetimber.com\/","title":{"rendered":"home"},"content":{"rendered":"<div class=\"slider-wrapper relative\" id=\"slider-1662672951\" >\n    <div class=\"slider slider-nav-circle slider-nav-large slider-nav-dark slider-style-normal\"\n        data-flickity-options='{\n            \"cellAlign\": \"center\",\n            \"imagesLoaded\": true,\n            \"lazyLoad\": 1,\n            \"freeScroll\": false,\n            \"wrapAround\": true,\n            \"autoPlay\": 4500,\n            \"pauseAutoPlayOnHover\" : true,\n            \"prevNextButtons\": true,\n            \"contain\" : true,\n            \"adaptiveHeight\" : true,\n            \"dragThreshold\" : 10,\n            \"percentPosition\": true,\n            \"pageDots\": true,\n            \"rightToLeft\": false,\n            \"draggable\": true,\n            \"selectedAttraction\": 0.1,\n            \"parallax\" : 0,\n            \"friction\": 0.6        }'\n        >\n        \n\n\n  <div class=\"banner has-hover\" id=\"banner-654518145\">\n          <div class=\"banner-inner fill\">\n        <div class=\"banner-bg fill\" >\n            <div class=\"bg fill bg-fill \"><\/div>\n                                    \n                    <\/div>\n        <div class=\"banner-layers container\">\n            <div class=\"fill banner-link\"><\/div>            \n\n   <div id=\"text-box-1008022763\" class=\"text-box banner-layer x50 md-x50 lg-x50 y50 md-y50 lg-y50 res-text\">\n                     <div data-animate=\"flipInX\">           <div class=\"text-box-content text box-shadow-1 dark\">\n              \n              <div class=\"text-inner text-center\">\n                  \n\n<h1 class=\"alt-font\"><\/h1>\n<div class=\"is-divider divider clearfix\" ><\/div>\n\n<h1>Muros Verdes<\/h1>\n<h1>Artificiales<\/h1>\n<div class=\"is-divider divider clearfix\" ><\/div>\n\n<h2 class=\"thin-font\"><\/h2>\n<a href=\"http:\/\/timberfloors.com.mx\/?page_id=48\" target=\"_self\" class=\"button white is-white is-medium\"  >\n    <span>Entrar<\/span>\n  <\/a>\n\n\n<h5>\n<div class=\"container section-title-container\" ><h3 class=\"section-title section-title-center\"><b><\/b><span class=\"section-title-main\" style=\"font-size:73%;\">Elbapl@timberfloors.com.mx<\/span><b><\/b><\/h3><\/div>\n\n<\/h5>\n\n              <\/div>\n           <\/div>\n       <\/div>                     \n<style>\n#text-box-1008022763 .text-box-content {\n  background-color: #450;\n  font-size: 100%;\n}\n#text-box-1008022763 .text-inner {\n  padding: 60px;\n}\n#text-box-1008022763 {\n  width: 60%;\n}\n@media (min-width:550px) {\n  #text-box-1008022763 {\n    width: 60%;\n  }\n}\n<\/style>\n    <\/div>\n \n\n        <\/div>\n      <\/div>\n\n            \n<style>\n#banner-654518145 {\n  padding-top: 700px;\n}\n#banner-654518145 .bg.bg-loaded {\n  background-image: url(http:\/\/muroverdetimber.com\/wp-content\/uploads\/2015\/12\/murogig.jpg);\n}\n<\/style>\n  <\/div>\n\n\n\n  <div class=\"banner has-hover\" id=\"banner-811091141\">\n          <div class=\"banner-inner fill\">\n        <div class=\"banner-bg fill\" >\n            <div class=\"bg fill bg-fill \"><\/div>\n                                    \n                    <\/div>\n        <div class=\"banner-layers container\">\n            <div class=\"fill banner-link\"><\/div>            \n\n   <div id=\"text-box-1117936153\" class=\"text-box banner-layer x50 md-x50 lg-x50 y50 md-y50 lg-y50 res-text\">\n                     <div data-animate=\"flipInX\">           <div class=\"text-box-content text box-shadow-1 dark\">\n              \n              <div class=\"text-inner text-center\">\n                  \n\n<h4 class=\"alt-font\"><\/h4>\n<h1 class=\"alt-font\"><\/h1>\n<h1 class=\"alt-font\"><\/h1>\n<div class=\"is-divider divider clearfix\" ><\/div>\n\n<h1>Muros Verdes<\/h1>\n<h1>Artificiales<\/h1>\n<div class=\"is-divider divider clearfix\" ><\/div>\n\n<h2 class=\"thin-font\"><\/h2>\n<a href=\"http:\/\/timberfloors.com.mx\/?page_id=48\" target=\"_self\" class=\"button white is-white is-medium\"  >\n    <span>Entrar<\/span>\n  <\/a>\n\n\n<h5>\n<div class=\"container section-title-container\" ><h3 class=\"section-title section-title-center\"><b><\/b><span class=\"section-title-main\" style=\"font-size:73%;\">Elbapl@timberfloors.com.mx<\/span><b><\/b><\/h3><\/div>\n\n<\/h5>\n\n              <\/div>\n           <\/div>\n       <\/div>                     \n<style>\n#text-box-1117936153 .text-box-content {\n  background-color: #450;\n  font-size: 100%;\n}\n#text-box-1117936153 .text-inner {\n  padding: 60px;\n}\n#text-box-1117936153 {\n  width: 60%;\n}\n@media (min-width:550px) {\n  #text-box-1117936153 {\n    width: 60%;\n  }\n}\n<\/style>\n    <\/div>\n \n\n        <\/div>\n      <\/div>\n\n            \n<style>\n#banner-811091141 {\n  padding-top: 700px;\n}\n#banner-811091141 .bg.bg-loaded {\n  background-image: url(http:\/\/muroverdetimber.com\/wp-content\/uploads\/2015\/12\/murogig2.jpg);\n}\n<\/style>\n  <\/div>\n\n\n\n     <\/div>\n\n     <div class=\"loading-spin dark large centered\"><\/div>\n\n     \t<\/div>\n\n\n<p>&nbsp;<\/p>\n","protected":false},"excerpt":{"rendered":"","protected":false},"author":1,"featured_media":0,"parent":0,"menu_order":0,"comment_status":"closed","ping_status":"closed","template":"page-blank.php","meta":[],"yoast_head":"<!-- This site is optimized with the Yoast SEO plugin v17.5 - https:\/\/yoast.com\/wordpress\/plugins\/seo\/ -->\n<title>- Muro verde<\/title>\n<meta name=\"description\" content=\"muro verde sint\u00e9tico para decoraci\u00f3n interior y exterior super resistente y econ\u00f3mico\" \/>\n<meta name=\"robots\" content=\"index, follow, max-snippet:-1, max-image-preview:large, max-video-preview:-1\" \/>\n<link rel=\"canonical\" href=\"https:\/\/muroverdetimber.com\/\" \/>\n<meta property=\"og:locale\" content=\"es_ES\" \/>\n<meta property=\"og:type\" content=\"article\" \/>\n<meta property=\"og:title\" content=\"- Muro verde\" \/>\n<meta property=\"og:description\" content=\"muro verde sint\u00e9tico para decoraci\u00f3n interior y exterior super resistente y econ\u00f3mico\" \/>\n<meta property=\"og:url\" content=\"https:\/\/muroverdetimber.com\/\" \/>\n<meta property=\"og:site_name\" content=\"Muro verde\" \/>\n<meta property=\"article:modified_time\" content=\"2021-11-04T17:22:56+00:00\" \/>\n<meta name=\"twitter:card\" content=\"summary\" \/>\n<meta name=\"twitter:label1\" content=\"Tiempo de lectura\" \/>\n\t<meta name=\"twitter:data1\" content=\"1 minuto\" \/>\n<script type=\"application\/ld+json\" class=\"yoast-schema-graph\">{\"@context\":\"https:\/\/schema.org\",\"@graph\":[{\"@type\":\"WebSite\",\"@id\":\"https:\/\/muroverdetimber.com\/#website\",\"url\":\"https:\/\/muroverdetimber.com\/\",\"name\":\"Muro verde\",\"description\":\"Venta de todo tipo de muro verde\",\"potentialAction\":[{\"@type\":\"SearchAction\",\"target\":{\"@type\":\"EntryPoint\",\"urlTemplate\":\"https:\/\/muroverdetimber.com\/?s={search_term_string}\"},\"query-input\":\"required name=search_term_string\"}],\"inLanguage\":\"es\"},{\"@type\":\"WebPage\",\"@id\":\"https:\/\/muroverdetimber.com\/#webpage\",\"url\":\"https:\/\/muroverdetimber.com\/\",\"name\":\"- Muro verde\",\"isPartOf\":{\"@id\":\"https:\/\/muroverdetimber.com\/#website\"},\"datePublished\":\"2015-12-30T17:35:49+00:00\",\"dateModified\":\"2021-11-04T17:22:56+00:00\",\"description\":\"muro verde sint\\u00e9tico para decoraci\\u00f3n interior y exterior super resistente y econ\\u00f3mico\",\"breadcrumb\":{\"@id\":\"https:\/\/muroverdetimber.com\/#breadcrumb\"},\"inLanguage\":\"es\",\"potentialAction\":[{\"@type\":\"ReadAction\",\"target\":[\"https:\/\/muroverdetimber.com\/\"]}]},{\"@type\":\"BreadcrumbList\",\"@id\":\"https:\/\/muroverdetimber.com\/#breadcrumb\",\"itemListElement\":[{\"@type\":\"ListItem\",\"position\":1,\"name\":\"Portada\",\"item\":\"https:\/\/muroverdetimber.com\/\"},{\"@type\":\"ListItem\",\"position\":2,\"name\":\"home\"}]}]}<\/script>\n<!-- \/ Yoast SEO plugin. -->","yoast_head_json":{"title":"- Muro verde","description":"muro verde sint\u00e9tico para decoraci\u00f3n interior y exterior super resistente y econ\u00f3mico","robots":{"index":"index","follow":"follow","max-snippet":"max-snippet:-1","max-image-preview":"max-image-preview:large","max-video-preview":"max-video-preview:-1"},"canonical":"https:\/\/muroverdetimber.com\/","og_locale":"es_ES","og_type":"article","og_title":"- Muro verde","og_description":"muro verde sint\u00e9tico para decoraci\u00f3n interior y exterior super resistente y econ\u00f3mico","og_url":"https:\/\/muroverdetimber.com\/","og_site_name":"Muro verde","article_modified_time":"2021-11-04T17:22:56+00:00","twitter_card":"summary","twitter_misc":{"Tiempo de lectura":"1 minuto"},"schema":{"@context":"https:\/\/schema.org","@graph":[{"@type":"WebSite","@id":"https:\/\/muroverdetimber.com\/#website","url":"https:\/\/muroverdetimber.com\/","name":"Muro verde","description":"Venta de todo tipo de muro verde","potentialAction":[{"@type":"SearchAction","target":{"@type":"EntryPoint","urlTemplate":"https:\/\/muroverdetimber.com\/?s={search_term_string}"},"query-input":"required name=search_term_string"}],"inLanguage":"es"},{"@type":"WebPage","@id":"https:\/\/muroverdetimber.com\/#webpage","url":"https:\/\/muroverdetimber.com\/","name":"- Muro verde","isPartOf":{"@id":"https:\/\/muroverdetimber.com\/#website"},"datePublished":"2015-12-30T17:35:49+00:00","dateModified":"2021-11-04T17:22:56+00:00","description":"muro verde sint\u00e9tico para decoraci\u00f3n interior y exterior super resistente y econ\u00f3mico","breadcrumb":{"@id":"https:\/\/muroverdetimber.com\/#breadcrumb"},"inLanguage":"es","potentialAction":[{"@type":"ReadAction","target":["https:\/\/muroverdetimber.com\/"]}]},{"@type":"BreadcrumbList","@id":"https:\/\/muroverdetimber.com\/#breadcrumb","itemListElement":[{"@type":"ListItem","position":1,"name":"Portada","item":"https:\/\/muroverdetimber.com\/"},{"@type":"ListItem","position":2,"name":"home"}]}]}},"_links":{"self":[{"href":"https:\/\/muroverdetimber.com\/index.php?rest_route=\/wp\/v2\/pages\/14"}],"collection":[{"href":"https:\/\/muroverdetimber.com\/index.php?rest_route=\/wp\/v2\/pages"}],"about":[{"href":"https:\/\/muroverdetimber.com\/index.php?rest_route=\/wp\/v2\/types\/page"}],"author":[{"embeddable":true,"href":"https:\/\/muroverdetimber.com\/index.php?rest_route=\/wp\/v2\/users\/1"}],"replies":[{"embeddable":true,"href":"https:\/\/muroverdetimber.com\/index.php?rest_route=%2Fwp%2Fv2%2Fcomments&post=14"}],"version-history":[{"count":4,"href":"https:\/\/muroverdetimber.com\/index.php?rest_route=\/wp\/v2\/pages\/14\/revisions"}],"predecessor-version":[{"id":94,"href":"https:\/\/muroverdetimber.com\/index.php?rest_route=\/wp\/v2\/pages\/14\/revisions\/94"}],"wp:attachment":[{"href":"https:\/\/muroverdetimber.com\/index.php?rest_route=%2Fwp%2Fv2%2Fmedia&parent=14"}],"curies":[{"name":"wp","href":"https:\/\/api.w.org\/{rel}","templated":true}]}}