{"id":16,"date":"2015-12-30T17:36:41","date_gmt":"2015-12-30T17:36:41","guid":{"rendered":"http:\/\/muroverdetimber.com\/?page_id=16"},"modified":"2021-11-04T17:38:00","modified_gmt":"2021-11-04T17:38:00","slug":"quienes-somos","status":"publish","type":"page","link":"https:\/\/muroverdetimber.com\/?page_id=16","title":{"rendered":"\u00bfQui\u00e9nes somos?"},"content":{"rendered":"<p style=\"text-align: center;\">TimberFloors<\/p>\n<p>Es una empresa mexicana fundada en 2003, su actividad principal es la fabricaci\u00f3n de pisos prebarnizados de madera s\u00f3lidos y de ingenier\u00eda, nuestra planta se encentra ubicada al norte de la Ciudad de M\u00e9xico, y tenemos salas de exhibici\u00f3n en la Av. Divisi\u00f3n del Norte. Adem\u00e1s de fabricar pisos de madera somos importadores de pisos laminados y de muros verdes. Esperamos poder servirle!&nbsp;&nbsp; Nuestro sitio completo es:<\/p>\n<p><strong>&nbsp;<\/strong><\/p>\n<p style=\"text-align: center;\"><strong><a href=\"http:\/\/timberfloors.com.mx\/\">www.timberfloors.com.mx<\/a><\/strong><\/p>\n<p style=\"text-align: justify;\"><\/p>\n\n\n<hr class=\"wp-block-separator\"\/>\n\n\n\n<div class=\"is-layout-flow wp-block-group\"><div class=\"wp-block-group__inner-container\">\t\t<div id=\"wpmapblock_17\" data-settings='{&quot;map_marker&quot;:[{&quot;lat&quot;:&quot;19.394331727572585&quot;,&quot;lng&quot;:&quot;-99.16716353104138&quot;,&quot;title&quot;:&quot;Timberfloors&quot;,&quot;content&quot;:&quot;follaje sint\\u00e9tico&quot;,&quot;iconType&quot;:&quot;default&quot;,&quot;customIconUrl&quot;:&quot;&quot;,&quot;customIconWidth&quot;:&quot;25&quot;,&quot;customIconHeight&quot;:&quot;40&quot;}],&quot;map_zoom&quot;:10,&quot;scroll_wheel_zoom&quot;:&quot;1&quot;,&quot;map_type&quot;:&quot;GM&quot;,&quot;center_index&quot;:0}' class=\"wpmapblockrender\" style=\"\n\t\t\twidth: 100%;\n\t\t\theight: 500px;\n\t\t\"><\/div>\n        <\/div><\/div>\n","protected":false},"excerpt":{"rendered":"<p>TimberFloors Es una empresa mexicana fundada en 2003, su actividad principal es la fabricaci\u00f3n de pisos prebarnizados de madera s\u00f3lidos y de ingenier\u00eda, nuestra planta se encentra ubicada al norte de la Ciudad de M\u00e9xico, y tenemos salas de exhibici\u00f3n en la Av. Divisi\u00f3n del Norte. Adem\u00e1s de fabricar pisos de madera somos importadores de [&#8230;]\n","protected":false},"author":1,"featured_media":0,"parent":0,"menu_order":0,"comment_status":"closed","ping_status":"closed","template":"page-blank-container.php","meta":[],"yoast_head":"<!-- This site is optimized with the Yoast SEO plugin v17.5 - https:\/\/yoast.com\/wordpress\/plugins\/seo\/ -->\n<title>\u00bfQui\u00e9nes somos? - Muro verde<\/title>\n<meta name=\"robots\" content=\"index, follow, max-snippet:-1, max-image-preview:large, max-video-preview:-1\" \/>\n<link rel=\"canonical\" href=\"https:\/\/muroverdetimber.com\/?page_id=16\" \/>\n<meta property=\"og:locale\" content=\"es_ES\" \/>\n<meta property=\"og:type\" content=\"article\" \/>\n<meta property=\"og:title\" content=\"\u00bfQui\u00e9nes somos? - Muro verde\" \/>\n<meta property=\"og:description\" content=\"TimberFloors Es una empresa mexicana fundada en 2003, su actividad principal es la fabricaci\u00f3n de pisos prebarnizados de madera s\u00f3lidos y de ingenier\u00eda, nuestra planta se encentra ubicada al norte de la Ciudad de M\u00e9xico, y tenemos salas de exhibici\u00f3n en la Av. Divisi\u00f3n del Norte. Adem\u00e1s de fabricar pisos de madera somos importadores de [...]\" \/>\n<meta property=\"og:url\" content=\"https:\/\/muroverdetimber.com\/?page_id=16\" \/>\n<meta property=\"og:site_name\" content=\"Muro verde\" \/>\n<meta property=\"article:modified_time\" content=\"2021-11-04T17:38:00+00:00\" \/>\n<meta name=\"twitter:card\" content=\"summary\" \/>\n<meta name=\"twitter:label1\" content=\"Tiempo de lectura\" \/>\n\t<meta name=\"twitter:data1\" content=\"1 minuto\" \/>\n<script type=\"application\/ld+json\" class=\"yoast-schema-graph\">{\"@context\":\"https:\/\/schema.org\",\"@graph\":[{\"@type\":\"WebSite\",\"@id\":\"https:\/\/muroverdetimber.com\/#website\",\"url\":\"https:\/\/muroverdetimber.com\/\",\"name\":\"Muro verde\",\"description\":\"Venta de todo tipo de muro verde\",\"potentialAction\":[{\"@type\":\"SearchAction\",\"target\":{\"@type\":\"EntryPoint\",\"urlTemplate\":\"https:\/\/muroverdetimber.com\/?s={search_term_string}\"},\"query-input\":\"required name=search_term_string\"}],\"inLanguage\":\"es\"},{\"@type\":\"WebPage\",\"@id\":\"https:\/\/muroverdetimber.com\/?page_id=16#webpage\",\"url\":\"https:\/\/muroverdetimber.com\/?page_id=16\",\"name\":\"\\u00bfQui\\u00e9nes somos? - Muro verde\",\"isPartOf\":{\"@id\":\"https:\/\/muroverdetimber.com\/#website\"},\"datePublished\":\"2015-12-30T17:36:41+00:00\",\"dateModified\":\"2021-11-04T17:38:00+00:00\",\"breadcrumb\":{\"@id\":\"https:\/\/muroverdetimber.com\/?page_id=16#breadcrumb\"},\"inLanguage\":\"es\",\"potentialAction\":[{\"@type\":\"ReadAction\",\"target\":[\"https:\/\/muroverdetimber.com\/?page_id=16\"]}]},{\"@type\":\"BreadcrumbList\",\"@id\":\"https:\/\/muroverdetimber.com\/?page_id=16#breadcrumb\",\"itemListElement\":[{\"@type\":\"ListItem\",\"position\":1,\"name\":\"Portada\",\"item\":\"https:\/\/muroverdetimber.com\/\"},{\"@type\":\"ListItem\",\"position\":2,\"name\":\"\\u00bfQui\\u00e9nes somos?\"}]}]}<\/script>\n<!-- \/ Yoast SEO plugin. -->","yoast_head_json":{"title":"\u00bfQui\u00e9nes somos? - Muro verde","robots":{"index":"index","follow":"follow","max-snippet":"max-snippet:-1","max-image-preview":"max-image-preview:large","max-video-preview":"max-video-preview:-1"},"canonical":"https:\/\/muroverdetimber.com\/?page_id=16","og_locale":"es_ES","og_type":"article","og_title":"\u00bfQui\u00e9nes somos? - Muro verde","og_description":"TimberFloors Es una empresa mexicana fundada en 2003, su actividad principal es la fabricaci\u00f3n de pisos prebarnizados de madera s\u00f3lidos y de ingenier\u00eda, nuestra planta se encentra ubicada al norte de la Ciudad de M\u00e9xico, y tenemos salas de exhibici\u00f3n en la Av. Divisi\u00f3n del Norte. Adem\u00e1s de fabricar pisos de madera somos importadores de [...]","og_url":"https:\/\/muroverdetimber.com\/?page_id=16","og_site_name":"Muro verde","article_modified_time":"2021-11-04T17:38:00+00:00","twitter_card":"summary","twitter_misc":{"Tiempo de lectura":"1 minuto"},"schema":{"@context":"https:\/\/schema.org","@graph":[{"@type":"WebSite","@id":"https:\/\/muroverdetimber.com\/#website","url":"https:\/\/muroverdetimber.com\/","name":"Muro verde","description":"Venta de todo tipo de muro verde","potentialAction":[{"@type":"SearchAction","target":{"@type":"EntryPoint","urlTemplate":"https:\/\/muroverdetimber.com\/?s={search_term_string}"},"query-input":"required name=search_term_string"}],"inLanguage":"es"},{"@type":"WebPage","@id":"https:\/\/muroverdetimber.com\/?page_id=16#webpage","url":"https:\/\/muroverdetimber.com\/?page_id=16","name":"\u00bfQui\u00e9nes somos? - Muro verde","isPartOf":{"@id":"https:\/\/muroverdetimber.com\/#website"},"datePublished":"2015-12-30T17:36:41+00:00","dateModified":"2021-11-04T17:38:00+00:00","breadcrumb":{"@id":"https:\/\/muroverdetimber.com\/?page_id=16#breadcrumb"},"inLanguage":"es","potentialAction":[{"@type":"ReadAction","target":["https:\/\/muroverdetimber.com\/?page_id=16"]}]},{"@type":"BreadcrumbList","@id":"https:\/\/muroverdetimber.com\/?page_id=16#breadcrumb","itemListElement":[{"@type":"ListItem","position":1,"name":"Portada","item":"https:\/\/muroverdetimber.com\/"},{"@type":"ListItem","position":2,"name":"\u00bfQui\u00e9nes somos?"}]}]}},"_links":{"self":[{"href":"https:\/\/muroverdetimber.com\/index.php?rest_route=\/wp\/v2\/pages\/16"}],"collection":[{"href":"https:\/\/muroverdetimber.com\/index.php?rest_route=\/wp\/v2\/pages"}],"about":[{"href":"https:\/\/muroverdetimber.com\/index.php?rest_route=\/wp\/v2\/types\/page"}],"author":[{"embeddable":true,"href":"https:\/\/muroverdetimber.com\/index.php?rest_route=\/wp\/v2\/users\/1"}],"replies":[{"embeddable":true,"href":"https:\/\/muroverdetimber.com\/index.php?rest_route=%2Fwp%2Fv2%2Fcomments&post=16"}],"version-history":[{"count":5,"href":"https:\/\/muroverdetimber.com\/index.php?rest_route=\/wp\/v2\/pages\/16\/revisions"}],"predecessor-version":[{"id":98,"href":"https:\/\/muroverdetimber.com\/index.php?rest_route=\/wp\/v2\/pages\/16\/revisions\/98"}],"wp:attachment":[{"href":"https:\/\/muroverdetimber.com\/index.php?rest_route=%2Fwp%2Fv2%2Fmedia&parent=16"}],"curies":[{"name":"wp","href":"https:\/\/api.w.org\/{rel}","templated":true}]}}